{"id":2798,"date":"2019-05-30T11:02:43","date_gmt":"2019-05-30T09:02:43","guid":{"rendered":"https:\/\/www.ikone.com\/tous-nos-projets\/"},"modified":"2023-01-19T11:51:21","modified_gmt":"2023-01-19T10:51:21","slug":"ikone-projects","status":"publish","type":"page","link":"https:\/\/www.ikone.com\/en\/all-our-properties\/ikone-projects\/","title":{"rendered":"All our projects"},"content":{"rendered":"<p>[vc_row full_width=&#8221;stretch_row&#8221; el_class=&#8221;header-page-cst&#8221; css=&#8221;.vc_custom_1674123282743{background-image: url(https:\/\/www.ikone.com\/wp-content\/uploads\/2019\/10\/MILLENIUM_EXT_JOUR_B_HD.jpg?id=3786) !important;}&#8221;][vc_column][vc_custom_heading text=&#8221;All our projects&#8221; font_container=&#8221;tag:h1|text_align:center&#8221; use_theme_fonts=&#8221;yes&#8221;][\/vc_column][\/vc_row][vc_row][vc_column]    <div class=\"  \">\n        <main class=\"page-header\">\n            <div class=\"container\"><h1>Architecture Is A Visual Art And The Building Speak For Themselves<\/h1><\/div>\n        <\/main>\n\n        <div class=\"content\">\n            <div class=\"projects projects-grid-cst\">\n                <div class=\"container\">\n                    <div class=\"filter-content-2\">\n                        <ul class=\"filter js-filter\">\n                            <li class=\"active\"><a href=\"#\"\n                                                  data-filter=\"*\">All<\/a><\/li>\n\n\t\t\t\t\t\t\t\n                                    <li><a href=\"#\"\n                                           data-filter=\".our-projects\">Our projects <\/a>\n                                    <\/li>\n\t\t\t\t\t\t\t\t\t                        <\/ul>\n                    <\/div>\n                <\/div>\n                <div class=\"grid-items del-js-isotope js-grid-items\">\n\n\t\t\t\t\t\n\n                                    <div\n                                            class=\"grid-item our-projects del-js-isotope-item js-grid-item\">\n                                        <div class=\"project-item item-shadow\" style=\"background-image: url('https:\/\/www.ikone.com\/wp-content\/uploads\/2023\/01\/000.RouteDeLady_CHALET_A_01_HD-425x573.jpg')\">\n                                            <img alt=\"\" class=\"img-responsive\"\n                                                 src=\"https:\/\/www.ikone.com\/wp-content\/uploads\/2023\/01\/000.RouteDeLady_CHALET_A_01_HD-425x573.jpg\">\n                                            <div class=\"project-hover\">\n                                                <div class=\"project-hover-content\">\n                                                    <h3 class=\"project-title\">Vertigo<\/h3>\n                                                    <p class=\"project-description\">Le chalet dispose de grandes baies vitr\u00e9es et de larges terrasses de plain-pied pour profiter \u00e9t\u00e9 comme hiver d\u2019une vue \u00e0 couper le souffle. A l\u2019int\u00e9rieur, les espaces se mettent au service du design, le raffinement et l\u2019\u00e9l\u00e9gance se ...<\/p>\n                                                <\/div>\n                                            <\/div>\n                                            <a href=\"https:\/\/www.ikone.com\/en\/projects\/vertigo\/\"\n                                               class=\"link-arrow\">See project <i class=\"icon ion-ios-arrow-right\"><\/i><\/a>\n                                        <\/div>\n                                    <\/div>\n\n\t\t\t\t\t\t\t\t\t\n\n                                    <div\n                                            class=\"grid-item our-projects del-js-isotope-item js-grid-item\">\n                                        <div class=\"project-item item-shadow\" style=\"background-image: url('https:\/\/www.ikone.com\/wp-content\/uploads\/2022\/03\/IKONE_ISKEN_EXT_Vue-02-425x573.jpg')\">\n                                            <img alt=\"\" class=\"img-responsive\"\n                                                 src=\"https:\/\/www.ikone.com\/wp-content\/uploads\/2022\/03\/IKONE_ISKEN_EXT_Vue-02-425x573.jpg\">\n                                            <div class=\"project-hover\">\n                                                <div class=\"project-hover-content\">\n                                                    <h3 class=\"project-title\">Isken<\/h3>\n                                                    <p class=\"project-description\">...<\/p>\n                                                <\/div>\n                                            <\/div>\n                                            <a href=\"https:\/\/www.ikone.com\/en\/projects\/isken\/\"\n                                               class=\"link-arrow\">See project <i class=\"icon ion-ios-arrow-right\"><\/i><\/a>\n                                        <\/div>\n                                    <\/div>\n\n\t\t\t\t\t\t\t\t\t\n\n                                    <div\n                                            class=\"grid-item our-projects del-js-isotope-item js-grid-item\">\n                                        <div class=\"project-item item-shadow\" style=\"background-image: url('https:\/\/www.ikone.com\/wp-content\/uploads\/2019\/07\/Millenium-425x528.jpg')\">\n                                            <img alt=\"\" class=\"img-responsive\"\n                                                 src=\"https:\/\/www.ikone.com\/wp-content\/uploads\/2019\/07\/Millenium-425x528.jpg\">\n                                            <div class=\"project-hover\">\n                                                <div class=\"project-hover-content\">\n                                                    <h3 class=\"project-title\">MILLENIUM<\/h3>\n                                                    <p class=\"project-description\">DANS SA VERSION JEAN NOUVELESQUE, L'ARCHITECTURE A UN POUVOIR TRANSCENDANT N\u00c9 DU G\u00c9NIE DE JEAN NOUVEL, LE CHALET MILL\u00c9NIUM EST EN PASSE DE DEVENIR LE PLUS BEAU CHALET DES ALPES \u00c0 LA FOIS PAR SA CONCEPTION ORIGINALE REPRENANT TOUS LES CODES ANCESTRAUX DE L'ARCHITECTURE DE MONTAGNE  REVISIT\u00c9S PAR JN,...<\/p>\n                                                <\/div>\n                                            <\/div>\n                                            <a href=\"https:\/\/www.ikone.com\/en\/projects\/millenium\/\"\n                                               class=\"link-arrow\">See project <i class=\"icon ion-ios-arrow-right\"><\/i><\/a>\n                                        <\/div>\n                                    <\/div>\n\n\t\t\t\t\t\t\t\t\t\n\n                                    <div\n                                            class=\"grid-item our-projects del-js-isotope-item js-grid-item\">\n                                        <div class=\"project-item item-shadow\" style=\"background-image: url('https:\/\/www.ikone.com\/wp-content\/uploads\/2019\/05\/photo1-skyfall-1-425x573.jpg')\">\n                                            <img alt=\"\" class=\"img-responsive\"\n                                                 src=\"https:\/\/www.ikone.com\/wp-content\/uploads\/2019\/05\/photo1-skyfall-1-425x573.jpg\">\n                                            <div class=\"project-hover\">\n                                                <div class=\"project-hover-content\">\n                                                    <h3 class=\"project-title\">SKYFALL<\/h3>\n                                                    <p class=\"project-description\">OVERLOOKING THE VALLEY AND VILLAGE OF MEG\u00c8VE, THE SKYFALL CHALET, LIKE AN INACCESSIBLE EAGLE'S NEST, OFFERS ITS OCCUPANTS \u201cDISCREET LUXURY IN THE STYLE OF A LODGE AND A PERFECTLY PRESERVED ENVIRONMENT\u201d, THE PRESTIGE OF LIFE IN MONT D'ARBOIS COMBINED WITH PROXIMITY TO THE VILLAGE, LUXURY ACCORDING TO IKONE.\r\n...<\/p>\n                                                <\/div>\n                                            <\/div>\n                                            <a href=\"https:\/\/www.ikone.com\/en\/projects\/skyfall\/\"\n                                               class=\"link-arrow\">See project <i class=\"icon ion-ios-arrow-right\"><\/i><\/a>\n                                        <\/div>\n                                    <\/div>\n\n\t\t\t\t\t\t\t\t\t\n\n                                    <div\n                                            class=\"grid-item our-projects del-js-isotope-item js-grid-item\">\n                                        <div class=\"project-item item-shadow\" style=\"background-image: url('https:\/\/www.ikone.com\/wp-content\/uploads\/2019\/05\/header-kern-425x573.jpg')\">\n                                            <img alt=\"\" class=\"img-responsive\"\n                                                 src=\"https:\/\/www.ikone.com\/wp-content\/uploads\/2019\/05\/header-kern-425x573.jpg\">\n                                            <div class=\"project-hover\">\n                                                <div class=\"project-hover-content\">\n                                                    <h3 class=\"project-title\">KERN<\/h3>\n                                                    <p class=\"project-description\"> ELEGANCE AND AUTHENTICITY Noble ...<\/p>\n                                                <\/div>\n                                            <\/div>\n                                            <a href=\"https:\/\/www.ikone.com\/en\/projects\/kern\/\"\n                                               class=\"link-arrow\">See project <i class=\"icon ion-ios-arrow-right\"><\/i><\/a>\n                                        <\/div>\n                                    <\/div>\n\n\t\t\t\t\t\t\t\t\t\n\n                                    <div\n                                            class=\"grid-item our-projects del-js-isotope-item js-grid-item\">\n                                        <div class=\"project-item item-shadow\" style=\"background-image: url('https:\/\/www.ikone.com\/wp-content\/uploads\/2019\/05\/EXT-3-1-425x573.jpg')\">\n                                            <img alt=\"\" class=\"img-responsive\"\n                                                 src=\"https:\/\/www.ikone.com\/wp-content\/uploads\/2019\/05\/EXT-3-1-425x573.jpg\">\n                                            <div class=\"project-hover\">\n                                                <div class=\"project-hover-content\">\n                                                    <h3 class=\"project-title\">Villa Verde<\/h3>\n                                                    <p class=\"project-description\">NICH\u00c9 DANS UN \u00c9CRIN DE VERDURE EN PLEIN CENTRE DE GEN\u00c8VE, AMANDOLIER PARK EST UN CONCEPT DE \u00ab MAISON URBAINE DE MAITRE \u00bb D\u00c9VELOPP\u00c9 PAR IKONE EN COLLABORATION AVEC LA C\u00c9L\u00c8BRE AGENCE D'ARCHITECTURE GENEVOISE DVK, DESTIN\u00c9 \u00c0 OFFRIR 8 LOTS D'APPARTEMENTS EXCEPTIONNELS AU CONFORT ABOUTI ET RAFFIN\u00c9, DANS UN JARDIN...<\/p>\n                                                <\/div>\n                                            <\/div>\n                                            <a href=\"https:\/\/www.ikone.com\/en\/projects\/villa-verde\/\"\n                                               class=\"link-arrow\">See project <i class=\"icon ion-ios-arrow-right\"><\/i><\/a>\n                                        <\/div>\n                                    <\/div>\n\n\t\t\t\t\t\t\t\t\t\n                <\/div>\n            <\/div>\n        <\/div>\n    <\/div>\n\n\t[\/vc_column][\/vc_row]<\/p>\n","protected":false},"excerpt":{"rendered":"<p>[\/vc_row]<\/p>\n","protected":false},"author":1,"featured_media":3786,"parent":3388,"menu_order":0,"comment_status":"closed","ping_status":"closed","template":"template-fullwidth.php","meta":{"footnotes":""},"yoast_head":"<!-- This site is optimized with the Yoast SEO plugin v21.8 - https:\/\/yoast.com\/wordpress\/plugins\/seo\/ -->\n<title>Ikone Projects - engineering construction - architectural design - Megeve<\/title>\n<meta name=\"description\" content=\"Ikone Projects - engineering construction - architectural design - Megeve - Geneva - Luxury chalet - Luxury Hotel - Exceptional decoration - France - Swiss\" \/>\n<meta name=\"robots\" content=\"index, follow, max-snippet:-1, max-image-preview:large, max-video-preview:-1\" \/>\n<link rel=\"canonical\" href=\"https:\/\/www.ikone.com\/en\/all-our-properties\/ikone-projects\/\" \/>\n<meta property=\"og:locale\" content=\"en_US\" \/>\n<meta property=\"og:type\" content=\"article\" \/>\n<meta property=\"og:title\" content=\"Ikone Projects - engineering construction - architectural design - Megeve\" \/>\n<meta property=\"og:description\" content=\"Ikone Projects - engineering construction - architectural design - Megeve - Geneva - Luxury chalet - Luxury Hotel - Exceptional decoration - France - Swiss\" \/>\n<meta property=\"og:url\" content=\"https:\/\/www.ikone.com\/en\/all-our-properties\/ikone-projects\/\" \/>\n<meta property=\"og:site_name\" content=\"Ikone\" \/>\n<meta property=\"article:modified_time\" content=\"2023-01-19T10:51:21+00:00\" \/>\n<meta property=\"og:image\" content=\"https:\/\/www.ikone.com\/wp-content\/uploads\/2019\/10\/MILLENIUM_EXT_JOUR_B_HD.jpg\" \/>\n\t<meta property=\"og:image:width\" content=\"4000\" \/>\n\t<meta property=\"og:image:height\" content=\"1800\" \/>\n\t<meta property=\"og:image:type\" content=\"image\/jpeg\" \/>\n<meta name=\"twitter:card\" content=\"summary_large_image\" \/>\n<meta name=\"twitter:label1\" content=\"Est. reading time\" \/>\n\t<meta name=\"twitter:data1\" content=\"1 minute\" \/>\n<script type=\"application\/ld+json\" class=\"yoast-schema-graph\">{\"@context\":\"https:\/\/schema.org\",\"@graph\":[{\"@type\":\"WebPage\",\"@id\":\"https:\/\/www.ikone.com\/en\/all-our-properties\/ikone-projects\/\",\"url\":\"https:\/\/www.ikone.com\/en\/all-our-properties\/ikone-projects\/\",\"name\":\"Ikone Projects - engineering construction - architectural design - Megeve\",\"isPartOf\":{\"@id\":\"https:\/\/www.ikone.com\/#website\"},\"datePublished\":\"2019-05-30T09:02:43+00:00\",\"dateModified\":\"2023-01-19T10:51:21+00:00\",\"description\":\"Ikone Projects - engineering construction - architectural design - Megeve - Geneva - Luxury chalet - Luxury Hotel - Exceptional decoration - France - Swiss\",\"breadcrumb\":{\"@id\":\"https:\/\/www.ikone.com\/en\/all-our-properties\/ikone-projects\/#breadcrumb\"},\"inLanguage\":\"en-US\",\"potentialAction\":[{\"@type\":\"ReadAction\",\"target\":[\"https:\/\/www.ikone.com\/en\/all-our-properties\/ikone-projects\/\"]}]},{\"@type\":\"BreadcrumbList\",\"@id\":\"https:\/\/www.ikone.com\/en\/all-our-properties\/ikone-projects\/#breadcrumb\",\"itemListElement\":[{\"@type\":\"ListItem\",\"position\":1,\"name\":\"Home\",\"item\":\"https:\/\/www.ikone.com\/en\/\"},{\"@type\":\"ListItem\",\"position\":2,\"name\":\"All our properties\",\"item\":\"https:\/\/www.ikone.com\/en\/all-our-properties\/\"},{\"@type\":\"ListItem\",\"position\":3,\"name\":\"All our projects\"}]},{\"@type\":\"WebSite\",\"@id\":\"https:\/\/www.ikone.com\/#website\",\"url\":\"https:\/\/www.ikone.com\/\",\"name\":\"Ikone\",\"description\":\"\",\"potentialAction\":[{\"@type\":\"SearchAction\",\"target\":{\"@type\":\"EntryPoint\",\"urlTemplate\":\"https:\/\/www.ikone.com\/?s={search_term_string}\"},\"query-input\":\"required name=search_term_string\"}],\"inLanguage\":\"en-US\"}]}<\/script>\n<!-- \/ Yoast SEO plugin. -->","yoast_head_json":{"title":"Ikone Projects - engineering construction - architectural design - Megeve","description":"Ikone Projects - engineering construction - architectural design - Megeve - Geneva - Luxury chalet - Luxury Hotel - Exceptional decoration - France - Swiss","robots":{"index":"index","follow":"follow","max-snippet":"max-snippet:-1","max-image-preview":"max-image-preview:large","max-video-preview":"max-video-preview:-1"},"canonical":"https:\/\/www.ikone.com\/en\/all-our-properties\/ikone-projects\/","og_locale":"en_US","og_type":"article","og_title":"Ikone Projects - engineering construction - architectural design - Megeve","og_description":"Ikone Projects - engineering construction - architectural design - Megeve - Geneva - Luxury chalet - Luxury Hotel - Exceptional decoration - France - Swiss","og_url":"https:\/\/www.ikone.com\/en\/all-our-properties\/ikone-projects\/","og_site_name":"Ikone","article_modified_time":"2023-01-19T10:51:21+00:00","og_image":[{"width":4000,"height":1800,"url":"https:\/\/www.ikone.com\/wp-content\/uploads\/2019\/10\/MILLENIUM_EXT_JOUR_B_HD.jpg","type":"image\/jpeg"}],"twitter_card":"summary_large_image","twitter_misc":{"Est. reading time":"1 minute"},"schema":{"@context":"https:\/\/schema.org","@graph":[{"@type":"WebPage","@id":"https:\/\/www.ikone.com\/en\/all-our-properties\/ikone-projects\/","url":"https:\/\/www.ikone.com\/en\/all-our-properties\/ikone-projects\/","name":"Ikone Projects - engineering construction - architectural design - Megeve","isPartOf":{"@id":"https:\/\/www.ikone.com\/#website"},"datePublished":"2019-05-30T09:02:43+00:00","dateModified":"2023-01-19T10:51:21+00:00","description":"Ikone Projects - engineering construction - architectural design - Megeve - Geneva - Luxury chalet - Luxury Hotel - Exceptional decoration - France - Swiss","breadcrumb":{"@id":"https:\/\/www.ikone.com\/en\/all-our-properties\/ikone-projects\/#breadcrumb"},"inLanguage":"en-US","potentialAction":[{"@type":"ReadAction","target":["https:\/\/www.ikone.com\/en\/all-our-properties\/ikone-projects\/"]}]},{"@type":"BreadcrumbList","@id":"https:\/\/www.ikone.com\/en\/all-our-properties\/ikone-projects\/#breadcrumb","itemListElement":[{"@type":"ListItem","position":1,"name":"Home","item":"https:\/\/www.ikone.com\/en\/"},{"@type":"ListItem","position":2,"name":"All our properties","item":"https:\/\/www.ikone.com\/en\/all-our-properties\/"},{"@type":"ListItem","position":3,"name":"All our projects"}]},{"@type":"WebSite","@id":"https:\/\/www.ikone.com\/#website","url":"https:\/\/www.ikone.com\/","name":"Ikone","description":"","potentialAction":[{"@type":"SearchAction","target":{"@type":"EntryPoint","urlTemplate":"https:\/\/www.ikone.com\/?s={search_term_string}"},"query-input":"required name=search_term_string"}],"inLanguage":"en-US"}]}},"_links":{"self":[{"href":"https:\/\/www.ikone.com\/en\/wp-json\/wp\/v2\/pages\/2798"}],"collection":[{"href":"https:\/\/www.ikone.com\/en\/wp-json\/wp\/v2\/pages"}],"about":[{"href":"https:\/\/www.ikone.com\/en\/wp-json\/wp\/v2\/types\/page"}],"author":[{"embeddable":true,"href":"https:\/\/www.ikone.com\/en\/wp-json\/wp\/v2\/users\/1"}],"replies":[{"embeddable":true,"href":"https:\/\/www.ikone.com\/en\/wp-json\/wp\/v2\/comments?post=2798"}],"version-history":[{"count":25,"href":"https:\/\/www.ikone.com\/en\/wp-json\/wp\/v2\/pages\/2798\/revisions"}],"predecessor-version":[{"id":4595,"href":"https:\/\/www.ikone.com\/en\/wp-json\/wp\/v2\/pages\/2798\/revisions\/4595"}],"up":[{"embeddable":true,"href":"https:\/\/www.ikone.com\/en\/wp-json\/wp\/v2\/pages\/3388"}],"wp:featuredmedia":[{"embeddable":true,"href":"https:\/\/www.ikone.com\/en\/wp-json\/wp\/v2\/media\/3786"}],"wp:attachment":[{"href":"https:\/\/www.ikone.com\/en\/wp-json\/wp\/v2\/media?parent=2798"}],"curies":[{"name":"wp","href":"https:\/\/api.w.org\/{rel}","templated":true}]}}